{"id":4589,"date":"2026-01-21T22:17:47","date_gmt":"2026-01-21T22:17:47","guid":{"rendered":"https:\/\/dominicanaentrena.org\/tienda\/?post_type=product&#038;p=4589"},"modified":"2026-02-13T18:23:14","modified_gmt":"2026-02-13T18:23:14","slug":"limon-2","status":"publish","type":"product","link":"https:\/\/dominicanaentrena.org\/tienda\/en\/product\/limon-2\/","title":{"rendered":"Bebida Lim\u00f3n &#8211; Tetrapark (250ml)"},"content":{"rendered":"<p>Bebida refrescante sabor <strong data-start=\"284\" data-end=\"293\">lim\u00f3n<\/strong> en <strong data-start=\"297\" data-end=\"317\">envase de cart\u00f3n<\/strong>, pr\u00e1ctica y ligera para hidratarte en cualquier momento del d\u00eda.<\/p>","protected":false},"excerpt":{"rendered":"<p>Bebida refrescante sabor lim\u00f3n en envase de cart\u00f3n, pr\u00e1ctica y ligera para hidratarte en cualquier momento del d\u00eda.<\/p>","protected":false},"featured_media":4634,"comment_status":"open","ping_status":"closed","template":"","meta":{"site-sidebar-layout":"default","site-content-layout":"","ast-site-content-layout":"default","site-content-style":"default","site-sidebar-style":"default","ast-global-header-display":"","ast-banner-title-visibility":"","ast-main-header-display":"","ast-hfb-above-header-display":"","ast-hfb-below-header-display":"","ast-hfb-mobile-header-display":"","site-post-title":"","ast-breadcrumbs-content":"","ast-featured-img":"","footer-sml-layout":"","ast-disable-related-posts":"","theme-transparent-header-meta":"default","adv-header-id-meta":"","stick-header-meta":"","header-above-stick-meta":"","header-main-stick-meta":"","header-below-stick-meta":"","astra-migrate-meta-layouts":"set","ast-page-background-enabled":"default","ast-page-background-meta":{"desktop":{"background-color":"","background-image":"","background-repeat":"repeat","background-position":"center center","background-size":"auto","background-attachment":"scroll","background-type":"","background-media":"","overlay-type":"","overlay-color":"","overlay-opacity":"","overlay-gradient":""},"tablet":{"background-color":"","background-image":"","background-repeat":"repeat","background-position":"center center","background-size":"auto","background-attachment":"scroll","background-type":"","background-media":"","overlay-type":"","overlay-color":"","overlay-opacity":"","overlay-gradient":""},"mobile":{"background-color":"","background-image":"","background-repeat":"repeat","background-position":"center center","background-size":"auto","background-attachment":"scroll","background-type":"","background-media":"","overlay-type":"","overlay-color":"","overlay-opacity":"","overlay-gradient":""}},"ast-content-background-meta":{"desktop":{"background-color":"var(--ast-global-color-5)","background-image":"","background-repeat":"repeat","background-position":"center center","background-size":"auto","background-attachment":"scroll","background-type":"","background-media":"","overlay-type":"","overlay-color":"","overlay-opacity":"","overlay-gradient":""},"tablet":{"background-color":"var(--ast-global-color-5)","background-image":"","background-repeat":"repeat","background-position":"center center","background-size":"auto","background-attachment":"scroll","background-type":"","background-media":"","overlay-type":"","overlay-color":"","overlay-opacity":"","overlay-gradient":""},"mobile":{"background-color":"var(--ast-global-color-5)","background-image":"","background-repeat":"repeat","background-position":"center center","background-size":"auto","background-attachment":"scroll","background-type":"","background-media":"","overlay-type":"","overlay-color":"","overlay-opacity":"","overlay-gradient":""}}},"product_brand":[61],"product_cat":[40,63],"product_tag":[],"class_list":{"0":"post-4589","1":"product","2":"type-product","3":"status-publish","4":"has-post-thumbnail","6":"product_brand-refix","7":"product_cat-bebidas","8":"product_cat-tetra","9":"desktop-align-left","10":"tablet-align-left","11":"mobile-align-left","13":"first","14":"outofstock","15":"taxable","16":"shipping-taxable","17":"purchasable","18":"product-type-variable"},"_links":{"self":[{"href":"https:\/\/dominicanaentrena.org\/tienda\/en\/wp-json\/wp\/v2\/product\/4589","targetHints":{"allow":["GET"]}}],"collection":[{"href":"https:\/\/dominicanaentrena.org\/tienda\/en\/wp-json\/wp\/v2\/product"}],"about":[{"href":"https:\/\/dominicanaentrena.org\/tienda\/en\/wp-json\/wp\/v2\/types\/product"}],"replies":[{"embeddable":true,"href":"https:\/\/dominicanaentrena.org\/tienda\/en\/wp-json\/wp\/v2\/comments?post=4589"}],"version-history":[{"count":1,"href":"https:\/\/dominicanaentrena.org\/tienda\/en\/wp-json\/wp\/v2\/product\/4589\/revisions"}],"predecessor-version":[{"id":4964,"href":"https:\/\/dominicanaentrena.org\/tienda\/en\/wp-json\/wp\/v2\/product\/4589\/revisions\/4964"}],"wp:featuredmedia":[{"embeddable":true,"href":"https:\/\/dominicanaentrena.org\/tienda\/en\/wp-json\/wp\/v2\/media\/4634"}],"wp:attachment":[{"href":"https:\/\/dominicanaentrena.org\/tienda\/en\/wp-json\/wp\/v2\/media?parent=4589"}],"wp:term":[{"taxonomy":"product_brand","embeddable":true,"href":"https:\/\/dominicanaentrena.org\/tienda\/en\/wp-json\/wp\/v2\/product_brand?post=4589"},{"taxonomy":"product_cat","embeddable":true,"href":"https:\/\/dominicanaentrena.org\/tienda\/en\/wp-json\/wp\/v2\/product_cat?post=4589"},{"taxonomy":"product_tag","embeddable":true,"href":"https:\/\/dominicanaentrena.org\/tienda\/en\/wp-json\/wp\/v2\/product_tag?post=4589"}],"curies":[{"name":"wp","href":"https:\/\/api.w.org\/{rel}","templated":true}]}}