{"id":4599,"date":"2026-01-21T22:31:46","date_gmt":"2026-01-21T22:31:46","guid":{"rendered":"https:\/\/dominicanaentrena.org\/tienda\/?post_type=product&#038;p=4599"},"modified":"2026-03-20T22:04:04","modified_gmt":"2026-03-20T22:04:04","slug":"gel-mango","status":"publish","type":"product","link":"https:\/\/dominicanaentrena.org\/tienda\/producto\/gel-mango\/","title":{"rendered":"Gel Mango y Maracuy\u00e1 (50gr)"},"content":{"rendered":"<p data-start=\"0\" data-end=\"259\"><strong data-start=\"0\" data-end=\"20\"><span class=\"BZ_Pyq_fadeIn\">REFIX <\/span><span class=\"BZ_Pyq_fadeIn\">Energy <\/span><span class=\"BZ_Pyq_fadeIn\">Gel<\/span><\/strong> <span class=\"BZ_Pyq_fadeIn\">es <\/span><span class=\"BZ_Pyq_fadeIn\">un <\/span><span class=\"BZ_Pyq_fadeIn\">gel <\/span><span class=\"BZ_Pyq_fadeIn\">energ\u00e9tico <\/span><span class=\"BZ_Pyq_fadeIn\">isot\u00f3nico <\/span><span class=\"BZ_Pyq_fadeIn\">elaborado <\/span><span class=\"BZ_Pyq_fadeIn\">con <\/span><strong data-start=\"66\" data-end=\"92\"><span class=\"BZ_Pyq_fadeIn\">agua <\/span><span class=\"BZ_Pyq_fadeIn\">de <\/span><span class=\"BZ_Pyq_fadeIn\">mar <\/span><span class=\"BZ_Pyq_fadeIn\">purificada<\/span><\/strong><span class=\"BZ_Pyq_fadeIn\">, <\/span><span class=\"BZ_Pyq_fadeIn\">que <\/span><span class=\"BZ_Pyq_fadeIn\">aporta <\/span><span class=\"BZ_Pyq_fadeIn\">minerales <\/span><span class=\"BZ_Pyq_fadeIn\">esenciales <\/span><span class=\"BZ_Pyq_fadeIn\">como <\/span><span class=\"BZ_Pyq_fadeIn\">sodio, <\/span><span class=\"BZ_Pyq_fadeIn\">potasio, <\/span><span class=\"BZ_Pyq_fadeIn\">calcio <\/span><span class=\"BZ_Pyq_fadeIn\">y <\/span><span class=\"BZ_Pyq_fadeIn\">magnesio <\/span><span class=\"BZ_Pyq_fadeIn\">para <\/span><span class=\"BZ_Pyq_fadeIn\">favorecer <\/span><span class=\"BZ_Pyq_fadeIn\">la <\/span><strong data-start=\"183\" data-end=\"230\"><span class=\"BZ_Pyq_fadeIn\">hidrataci\u00f3n <\/span><span class=\"BZ_Pyq_fadeIn\">y <\/span><span class=\"BZ_Pyq_fadeIn\">el <\/span><span class=\"BZ_Pyq_fadeIn\">equilibrio <\/span><span class=\"BZ_Pyq_fadeIn\">de <\/span><span class=\"BZ_Pyq_fadeIn\">electrolitos<\/span><\/strong> <span class=\"BZ_Pyq_fadeIn\">durante <\/span><span class=\"BZ_Pyq_fadeIn\">la <\/span><span class=\"BZ_Pyq_fadeIn\">actividad <\/span><span class=\"BZ_Pyq_fadeIn\">f\u00edsica.<\/span><\/p>\n<p data-start=\"261\" data-end=\"455\"><span class=\"BZ_Pyq_fadeIn\">Su <\/span><span class=\"BZ_Pyq_fadeIn\">f\u00f3rmula <\/span><strong data-start=\"272\" data-end=\"307\"><span class=\"BZ_Pyq_fadeIn\">Dual <\/span><span class=\"BZ_Pyq_fadeIn\">Action (<\/span><span class=\"BZ_Pyq_fadeIn\">Isotonic &amp; <\/span><span class=\"BZ_Pyq_fadeIn\">Energy)<\/span><\/strong> <span class=\"BZ_Pyq_fadeIn\">proporciona <\/span><strong data-start=\"320\" data-end=\"364\"><span class=\"BZ_Pyq_fadeIn\">energ\u00eda <\/span><span class=\"BZ_Pyq_fadeIn\">r\u00e1pida <\/span><span class=\"BZ_Pyq_fadeIn\">y <\/span><span class=\"BZ_Pyq_fadeIn\">reposici\u00f3n <\/span><span class=\"BZ_Pyq_fadeIn\">de <\/span><span class=\"BZ_Pyq_fadeIn\">minerales<\/span><\/strong><span class=\"BZ_Pyq_fadeIn\">, <\/span><span class=\"BZ_Pyq_fadeIn\">ayudando <\/span><span class=\"BZ_Pyq_fadeIn\">a <\/span><span class=\"BZ_Pyq_fadeIn\">mantener <\/span><span class=\"BZ_Pyq_fadeIn\">el <\/span><span class=\"BZ_Pyq_fadeIn\">rendimiento <\/span><span class=\"BZ_Pyq_fadeIn\">y <\/span><span class=\"BZ_Pyq_fadeIn\">retrasar <\/span><span class=\"BZ_Pyq_fadeIn\">la <\/span><span class=\"BZ_Pyq_fadeIn\">fatiga <\/span><span class=\"BZ_Pyq_fadeIn\">en <\/span><span class=\"BZ_Pyq_fadeIn\">entrenamientos <\/span><span class=\"BZ_Pyq_fadeIn\">o <\/span><span class=\"BZ_Pyq_fadeIn\">competencias.<\/span><\/p>\n<p data-start=\"457\" data-end=\"621\" data-is-last-node=\"\" data-is-only-node=\"\"><span class=\"BZ_Pyq_fadeIn\">Es <\/span><strong data-start=\"460\" data-end=\"497\"><span class=\"BZ_Pyq_fadeIn\">vegano, <\/span><span class=\"BZ_Pyq_fadeIn\">libre <\/span><span class=\"BZ_Pyq_fadeIn\">de <\/span><span class=\"BZ_Pyq_fadeIn\">gluten <\/span><span class=\"BZ_Pyq_fadeIn\">y <\/span><span class=\"BZ_Pyq_fadeIn\">lactosa<\/span><\/strong><span class=\"BZ_Pyq_fadeIn\">, <\/span><span class=\"BZ_Pyq_fadeIn\">y <\/span><span class=\"BZ_Pyq_fadeIn\">cada <\/span><span class=\"BZ_Pyq_fadeIn\">gel <\/span><span class=\"BZ_Pyq_fadeIn\">de <\/span><strong data-start=\"513\" data-end=\"521\"><span class=\"BZ_Pyq_fadeIn\">50 <\/span><span class=\"BZ_Pyq_fadeIn\">g<\/span><\/strong> <span class=\"BZ_Pyq_fadeIn\">ofrece <\/span><span class=\"BZ_Pyq_fadeIn\">una <\/span><span class=\"BZ_Pyq_fadeIn\">fuente <\/span><span class=\"BZ_Pyq_fadeIn\">pr\u00e1ctica <\/span><span class=\"BZ_Pyq_fadeIn\">de <\/span><span class=\"BZ_Pyq_fadeIn\">energ\u00eda <\/span><span class=\"BZ_Pyq_fadeIn\">e <\/span><span class=\"BZ_Pyq_fadeIn\">hidrataci\u00f3n <\/span><span class=\"BZ_Pyq_fadeIn\">para <\/span><span class=\"BZ_Pyq_fadeIn\">deportes <\/span><span class=\"BZ_Pyq_fadeIn\">de <\/span><span class=\"BZ_Pyq_fadeIn\">resistencia <\/span><span class=\"BZ_Pyq_fadeIn\">o <\/span><span class=\"BZ_Pyq_fadeIn\">alta <\/span><span class=\"BZ_Pyq_fadeIn\">intensidad.<\/span><\/p>\n","protected":false},"excerpt":{"rendered":"<p>REFIX Energy Gel es un gel energ\u00e9tico isot\u00f3nico elaborado con agua de mar purificada, que aporta minerales esenciales como sodio, potasio, calcio y magnesio para favorecer la hidrataci\u00f3n y el equilibrio de electrolitos durante la actividad f\u00edsica. Su f\u00f3rmula Dual Action (Isotonic &amp; Energy) proporciona energ\u00eda r\u00e1pida y reposici\u00f3n de minerales, ayudando a mantener el [&hellip;]<\/p>\n","protected":false},"featured_media":4512,"comment_status":"open","ping_status":"closed","template":"","meta":{"site-sidebar-layout":"default","site-content-layout":"","ast-site-content-layout":"default","site-content-style":"default","site-sidebar-style":"default","ast-global-header-display":"","ast-banner-title-visibility":"","ast-main-header-display":"","ast-hfb-above-header-display":"","ast-hfb-below-header-display":"","ast-hfb-mobile-header-display":"","site-post-title":"","ast-breadcrumbs-content":"","ast-featured-img":"","footer-sml-layout":"","ast-disable-related-posts":"","theme-transparent-header-meta":"default","adv-header-id-meta":"","stick-header-meta":"","header-above-stick-meta":"","header-main-stick-meta":"","header-below-stick-meta":"","astra-migrate-meta-layouts":"set","ast-page-background-enabled":"default","ast-page-background-meta":{"desktop":{"background-color":"","background-image":"","background-repeat":"repeat","background-position":"center center","background-size":"auto","background-attachment":"scroll","background-type":"","background-media":"","overlay-type":"","overlay-color":"","overlay-opacity":"","overlay-gradient":""},"tablet":{"background-color":"","background-image":"","background-repeat":"repeat","background-position":"center center","background-size":"auto","background-attachment":"scroll","background-type":"","background-media":"","overlay-type":"","overlay-color":"","overlay-opacity":"","overlay-gradient":""},"mobile":{"background-color":"","background-image":"","background-repeat":"repeat","background-position":"center center","background-size":"auto","background-attachment":"scroll","background-type":"","background-media":"","overlay-type":"","overlay-color":"","overlay-opacity":"","overlay-gradient":""}},"ast-content-background-meta":{"desktop":{"background-color":"var(--ast-global-color-5)","background-image":"","background-repeat":"repeat","background-position":"center center","background-size":"auto","background-attachment":"scroll","background-type":"","background-media":"","overlay-type":"","overlay-color":"","overlay-opacity":"","overlay-gradient":""},"tablet":{"background-color":"var(--ast-global-color-5)","background-image":"","background-repeat":"repeat","background-position":"center center","background-size":"auto","background-attachment":"scroll","background-type":"","background-media":"","overlay-type":"","overlay-color":"","overlay-opacity":"","overlay-gradient":""},"mobile":{"background-color":"var(--ast-global-color-5)","background-image":"","background-repeat":"repeat","background-position":"center center","background-size":"auto","background-attachment":"scroll","background-type":"","background-media":"","overlay-type":"","overlay-color":"","overlay-opacity":"","overlay-gradient":""}}},"product_brand":[61],"product_cat":[15],"product_tag":[],"class_list":{"0":"post-4599","1":"product","2":"type-product","3":"status-publish","4":"has-post-thumbnail","6":"product_brand-refix","7":"product_cat-gel","8":"desktop-align-left","9":"tablet-align-left","10":"mobile-align-left","12":"first","13":"instock","14":"sale","15":"taxable","16":"shipping-taxable","17":"purchasable","18":"product-type-variable"},"_links":{"self":[{"href":"https:\/\/dominicanaentrena.org\/tienda\/wp-json\/wp\/v2\/product\/4599","targetHints":{"allow":["GET"]}}],"collection":[{"href":"https:\/\/dominicanaentrena.org\/tienda\/wp-json\/wp\/v2\/product"}],"about":[{"href":"https:\/\/dominicanaentrena.org\/tienda\/wp-json\/wp\/v2\/types\/product"}],"replies":[{"embeddable":true,"href":"https:\/\/dominicanaentrena.org\/tienda\/wp-json\/wp\/v2\/comments?post=4599"}],"version-history":[{"count":2,"href":"https:\/\/dominicanaentrena.org\/tienda\/wp-json\/wp\/v2\/product\/4599\/revisions"}],"predecessor-version":[{"id":5052,"href":"https:\/\/dominicanaentrena.org\/tienda\/wp-json\/wp\/v2\/product\/4599\/revisions\/5052"}],"wp:featuredmedia":[{"embeddable":true,"href":"https:\/\/dominicanaentrena.org\/tienda\/wp-json\/wp\/v2\/media\/4512"}],"wp:attachment":[{"href":"https:\/\/dominicanaentrena.org\/tienda\/wp-json\/wp\/v2\/media?parent=4599"}],"wp:term":[{"taxonomy":"product_brand","embeddable":true,"href":"https:\/\/dominicanaentrena.org\/tienda\/wp-json\/wp\/v2\/product_brand?post=4599"},{"taxonomy":"product_cat","embeddable":true,"href":"https:\/\/dominicanaentrena.org\/tienda\/wp-json\/wp\/v2\/product_cat?post=4599"},{"taxonomy":"product_tag","embeddable":true,"href":"https:\/\/dominicanaentrena.org\/tienda\/wp-json\/wp\/v2\/product_tag?post=4599"}],"curies":[{"name":"wp","href":"https:\/\/api.w.org\/{rel}","templated":true}]}}